{"id":3,"date":"2025-05-23T22:56:59","date_gmt":"2025-05-23T22:56:59","guid":{"rendered":"https:\/\/isolicita.com\/?page_id=3"},"modified":"2025-09-30T16:33:49","modified_gmt":"2025-09-30T16:33:49","slug":"politica-privacidade","status":"publish","type":"page","link":"https:\/\/nexusket.com\/ar\/politica-privacidade\/","title":{"rendered":"\u0633\u064a\u0627\u0633\u0629 \u0627\u0644\u062e\u0635\u0648\u0635\u064a\u0629"},"content":{"rendered":"<div data-elementor-type=\"wp-page\" data-elementor-id=\"3\" class=\"elementor elementor-3\" data-elementor-post-type=\"page\">\n\t\t\t\t\t\t<section class=\"elementor-section elementor-top-section elementor-element elementor-element-a539cc9 elementor-section-boxed elementor-section-gap-beside-yes elementor-section-height-default elementor-section-height-default elementor-section-content-align-center elementor-section-column-vertical-align-stretch\" data-id=\"a539cc9\" data-element_type=\"section\">\n\t\t\t\t\t\t<div class=\"elementor-container elementor-column-gap-wider\">\n\t\t\t\t\t<div class=\"elementor-column elementor-col-100 elementor-top-column elementor-element elementor-element-55751ae\" data-id=\"55751ae\" data-element_type=\"column\">\n\t\t\t<div class=\"elementor-widget-wrap elementor-element-populated\">\n\t\t\t\t\t\t<div class=\"elementor-element elementor-element-1230803 elementor-widget elementor-widget-heading\" data-id=\"1230803\" data-element_type=\"widget\" data-widget_type=\"heading.default\">\n\t\t\t\t<div class=\"elementor-widget-container\">\n\t\t\t\t\t<h2 class=\"elementor-heading-title elementor-size-default\">\u0633\u064a\u0627\u0633\u0629 \u0627\u0644\u062e\u0635\u0648\u0635\u064a\u0629<\/h2>\t\t\t\t<\/div>\n\t\t\t\t<\/div>\n\t\t\t\t<div class=\"elementor-element elementor-element-3be9e79 elementor-widget elementor-widget-text-editor\" data-id=\"3be9e79\" data-element_type=\"widget\" data-widget_type=\"text-editor.default\">\n\t\t\t\t<div class=\"elementor-widget-container\">\n\t\t\t\t\t\t\t\t\t<div style=\"font-family: Poppins, sans-serif; line-height: 1.7; color: #333;\">\n\n<strong>\u0622\u062e\u0631 \u062a\u062d\u062f\u064a\u062b<\/strong> 28 \u0645\u0627\u064a\u0648 2025\n\n\u0627\u0644\u063a\u0631\u0636 \u0645\u0646 \u0633\u064a\u0627\u0633\u0629 \u0627\u0644\u062e\u0635\u0648\u0635\u064a\u0629 \u0647\u0630\u0647 \u0647\u0648 \u0625\u0628\u0644\u0627\u063a \u0645\u0633\u062a\u062e\u062f\u0645\u064a \u0627\u0644\u0645\u0646\u0635\u0629 <strong>\u0646\u064a\u0643\u0632\u0633\u0643\u062a<\/strong> \u0639\u0644\u0649 \u0627\u0644\u0634\u0631\u0648\u0637 \u0627\u0644\u062a\u064a \u062a\u062a\u0645 \u0628\u0645\u0648\u062c\u0628\u0647\u0627 \u0645\u0639\u0627\u0644\u062c\u0629 \u0628\u064a\u0627\u0646\u0627\u062a\u0643 \u0627\u0644\u0634\u062e\u0635\u064a\u0629\u060c \u0648\u0641\u0642\u064b\u0627 \u0644\u0644\u0627\u0626\u062d\u0629 (\u0627\u0644\u0627\u062a\u062d\u0627\u062f \u0627\u0644\u0623\u0648\u0631\u0648\u0628\u064a) 2016\/679 (GDPR) \u0648\u0627\u0644\u062a\u0634\u0631\u064a\u0639\u0627\u062a \u0627\u0644\u0645\u0639\u0645\u0648\u0644 \u0628\u0647\u0627.\n<h2 style=\"margin-top: 30px; font-size: 30px;\">1 - \u0627\u0644\u0643\u064a\u0627\u0646 \u0627\u0644\u0645\u0633\u0624\u0648\u0644 \u0639\u0646 \u0627\u0644\u0645\u0639\u0627\u0644\u062c\u0629<\/h2>\nA <strong>\u0646\u064a\u0643\u0632\u0633\u0643\u062a<\/strong> \u0645\u0633\u0624\u0648\u0644\u0629 \u0639\u0646 \u0645\u0639\u0627\u0644\u062c\u0629 \u0627\u0644\u0628\u064a\u0627\u0646\u0627\u062a \u0627\u0644\u0634\u062e\u0635\u064a\u0629 \u0627\u0644\u062a\u064a \u064a\u062a\u0645 \u062c\u0645\u0639\u0647\u0627 \u0645\u0646 \u062e\u0644\u0627\u0644 \u0647\u0630\u0627 \u0627\u0644\u0645\u0648\u0642\u0639 \u0627\u0644\u0625\u0644\u0643\u062a\u0631\u0648\u0646\u064a.\n\n\ud83d\udce7 \u0627\u0644\u0628\u0631\u064a\u062f \u0627\u0644\u0625\u0644\u0643\u062a\u0631\u0648\u0646\u064a: <a style=\"color: #2d4f9d; text-decoration: none;\" href=\"mailto:apoio@nexusket.com\">apoio@nexusket.com<\/a>\n<h2 style=\"margin-top: 30px; font-size: 30px;\">2. \u0627\u0644\u063a\u0631\u0636 \u0645\u0646 \u0627\u0644\u0645\u0639\u0627\u0644\u062c\u0629 \u0648\u0645\u0634\u0631\u0648\u0639\u064a\u062a\u0647\u0627<\/h2>\n\u064a\u062a\u0645 \u062c\u0645\u0639 \u0627\u0644\u0628\u064a\u0627\u0646\u0627\u062a \u0627\u0644\u0634\u062e\u0635\u064a\u0629 \u0645\u0646 \u0623\u062c\u0644:\n<ul>\n \t<li>\u0625\u0646\u0634\u0627\u0621 \u0627\u0644\u062d\u0633\u0627\u0628 \u0648\u0625\u062f\u0627\u0631\u062a\u0647<\/li>\n \t<li>\u062a\u0642\u062f\u064a\u0645 \u0627\u0644\u062e\u062f\u0645\u0627\u062a \u0627\u0644\u0645\u0637\u0644\u0648\u0628\u0629<\/li>\n \t<li>\u0625\u062f\u0627\u0631\u0629 \u0627\u0644\u0627\u062a\u0635\u0627\u0644\u0627\u062a<\/li>\n \t<li>\u062a\u062d\u0633\u064a\u0646 \u0627\u0644\u0645\u0646\u0635\u0629<\/li>\n \t<li>\u0627\u0644\u0627\u0645\u062a\u062b\u0627\u0644 \u0644\u0644\u0627\u0644\u062a\u0632\u0627\u0645\u0627\u062a \u0627\u0644\u0642\u0627\u0646\u0648\u0646\u064a\u0629<\/li>\n<\/ul>\n\u0627\u0644\u0645\u0639\u0627\u0644\u062c\u0629 \u0642\u0627\u0646\u0648\u0646\u064a\u0629 \u0639\u0644\u0649 \u0623\u0633\u0627\u0633 \u0627\u0644\u0645\u0648\u0627\u0641\u0642\u0629 \u0623\u0648 \u0627\u0644\u0623\u062f\u0627\u0621 \u0627\u0644\u062a\u0639\u0627\u0642\u062f\u064a \u0623\u0648 \u0627\u0644\u0627\u0644\u062a\u0632\u0627\u0645 \u0627\u0644\u0642\u0627\u0646\u0648\u0646\u064a.\n<h2 style=\"margin-top: 30px; font-size: 30px;\">3. \u0641\u0626\u0627\u062a \u0627\u0644\u0628\u064a\u0627\u0646\u0627\u062a \u0627\u0644\u0634\u062e\u0635\u064a\u0629 \u0627\u0644\u062a\u064a \u062a\u062a\u0645 \u0645\u0639\u0627\u0644\u062c\u062a\u0647\u0627<\/h2>\n<ul>\n \t<li>\u0627\u0644\u0627\u0633\u0645 \u0648\u062a\u0627\u0631\u064a\u062e \u0627\u0644\u0645\u064a\u0644\u0627\u062f<\/li>\n \t<li>\u0627\u0644\u0628\u0631\u064a\u062f \u0627\u0644\u0625\u0644\u0643\u062a\u0631\u0648\u0646\u064a\u060c \u0627\u0644\u0647\u0627\u062a\u0641<\/li>\n \t<li>\u0628\u0644\u062f \u0627\u0644\u0645\u0646\u0634\u0623 \u0648\u0627\u0644\u0625\u0642\u0627\u0645\u0629<\/li>\n \t<li>\u0627\u0644\u0645\u0633\u062a\u0646\u062f\u0627\u062a \u0627\u0644\u0634\u062e\u0635\u064a\u0629 \u0627\u0644\u0645\u0631\u0633\u0644\u0629<\/li>\n \t<li>\u0639\u0646\u0648\u0627\u0646 IP\u060c \u0648\u0645\u0644\u0641\u0627\u062a \u062a\u0639\u0631\u064a\u0641 \u0627\u0644\u0627\u0631\u062a\u0628\u0627\u0637\u060c \u0648\u0628\u064a\u0627\u0646\u0627\u062a \u0627\u0644\u062a\u0635\u0641\u062d<\/li>\n<\/ul>\n<h2 style=\"margin-top: 30px; font-size:30px;\">4. \u0627\u0644\u0627\u062d\u062a\u0641\u0627\u0638 \u0628\u0627\u0644\u0628\u064a\u0627\u0646\u0627\u062a<\/h2>\n\u0644\u0627 \u064a\u062a\u0645 \u0627\u0644\u0627\u062d\u062a\u0641\u0627\u0638 \u0628\u0627\u0644\u0628\u064a\u0627\u0646\u0627\u062a \u0625\u0644\u0627 \u0637\u0627\u0644\u0645\u0627 \u0643\u0627\u0646 \u0630\u0644\u0643 \u0636\u0631\u0648\u0631\u064a\u064b\u0627 \u0644\u0644\u063a\u0631\u0636 \u0627\u0644\u0630\u064a \u062c\u064f\u0645\u0639\u062a \u0645\u0646 \u0623\u062c\u0644\u0647\u060c \u0623\u0648 \u0637\u0627\u0644\u0645\u0627 \u0643\u0627\u0646 \u0647\u0646\u0627\u0643 \u062d\u0633\u0627\u0628 \u0646\u0634\u0637\u060c \u0645\u0627 \u0644\u0645 \u064a\u0643\u0646 \u0647\u0646\u0627\u0643 \u0627\u0644\u062a\u0632\u0627\u0645 \u0642\u0627\u0646\u0648\u0646\u064a \u0628\u0630\u0644\u0643.\n<h2 style=\"margin-top: 30px; font-size:30px;\">5. \u0645\u0634\u0627\u0631\u0643\u0629 \u0627\u0644\u0628\u064a\u0627\u0646\u0627\u062a \u0645\u0639 \u0623\u0637\u0631\u0627\u0641 \u062b\u0627\u0644\u062b\u0629<\/h2>\nA <strong>\u0646\u064a\u0643\u0632\u0633\u0643\u062a<\/strong> \u0644\u0627 \u062a\u0634\u0627\u0631\u0643 \u0627\u0644\u0628\u064a\u0627\u0646\u0627\u062a \u0645\u0639 \u0623\u0637\u0631\u0627\u0641 \u062b\u0627\u0644\u062b\u0629\u060c \u0625\u0644\u0627 \u0641\u064a \u0627\u0644\u062d\u0627\u0644\u0627\u062a \u0627\u0644\u062a\u0627\u0644\u064a\u0629:\n<ul>\n \t<li>\u0645\u0637\u0644\u0648\u0628 \u0644\u062a\u0642\u062f\u064a\u0645 \u0627\u0644\u062e\u062f\u0645\u0629<\/li>\n \t<li>\u0645\u0637\u0644\u0648\u0628 \u0628\u0645\u0648\u062c\u0628 \u0627\u0644\u0642\u0627\u0646\u0648\u0646<\/li>\n \t<li>\u062a\u0634\u0645\u0644 \u0645\u0642\u062f\u0645\u064a \u0627\u0644\u062e\u062f\u0645\u0627\u062a \u0627\u0644\u0645\u0644\u0632\u0645\u064a\u0646 \u062a\u0639\u0627\u0642\u062f\u064a\u064b\u0627 \u0628\u0627\u0644\u0633\u0631\u064a\u0629<\/li>\n<\/ul>\n<h2 style=\"margin-top: 30px; font-size:30px;\">6. \u062d\u0642\u0648\u0642 \u0635\u0627\u062d\u0628 \u0627\u0644\u0628\u064a\u0627\u0646\u0627\u062a<\/h2>\n\u064a\u062d\u0642 \u0644\u0644\u0645\u0633\u062a\u062e\u062f\u0645:\n<ul>\n \t<li>\u0627\u0644\u0648\u0635\u0648\u0644 \u0625\u0644\u0649 \u0628\u064a\u0627\u0646\u0627\u062a\u0643 \u0623\u0648 \u062a\u0635\u062d\u064a\u062d\u0647\u0627 \u0623\u0648 \u062d\u0630\u0641\u0647\u0627<\/li>\n \t<li>\u0627\u0644\u062d\u062f \u0645\u0646 \u0627\u0644\u0639\u0644\u0627\u062c \u0623\u0648 \u0645\u0639\u0627\u0631\u0636\u0629 \u0627\u0644\u0639\u0644\u0627\u062c<\/li>\n \t<li>\u0625\u0645\u0643\u0627\u0646\u064a\u0629 \u0646\u0642\u0644 \u0627\u0644\u0628\u064a\u0627\u0646\u0627\u062a<\/li>\n \t<li>\u062a\u0642\u062f\u064a\u0645 \u0634\u0643\u0648\u0649 \u0625\u0644\u0649 <a style=\"color: #2d4f9d;\" href=\"https:\/\/www.cnpd.pt\/\" target=\"_blank\" rel=\"noopener\">CNPD<\/a><\/li>\n<\/ul>\n<h2 style=\"margin-top: 30px; font-size:30px;\">7. \u0627\u0644\u0623\u0645\u0646 \u0648\u0627\u0644\u0633\u0631\u064a\u0629<\/h2>\nA <strong>\u0646\u064a\u0643\u0632\u0633\u0643\u062a<\/strong> \u062a\u0646\u0641\u064a\u0630 \u0627\u0644\u062a\u062f\u0627\u0628\u064a\u0631 \u0627\u0644\u062a\u0642\u0646\u064a\u0629 \u0648\u0627\u0644\u062a\u0646\u0638\u064a\u0645\u064a\u0629 \u0645\u062b\u0644:\n<ul>\n \t<li>\u062a\u0634\u0641\u064a\u0631 \u0627\u0644\u0628\u064a\u0627\u0646\u0627\u062a<\/li>\n \t<li>\u0648\u0635\u0648\u0644 \u0645\u0642\u064a\u062f \u062d\u0633\u0628 \u0627\u0644\u0645\u0644\u0641 \u0627\u0644\u0634\u062e\u0635\u064a<\/li>\n \t<li>\u0627\u0644\u0646\u0633\u062e \u0627\u0644\u0627\u062d\u062a\u064a\u0627\u0637\u064a\u0629 \u0627\u0644\u062a\u0644\u0642\u0627\u0626\u064a\u0629<\/li>\n \t<li>\u0627\u062a\u0635\u0627\u0644 \u0622\u0645\u0646 (SSL)<\/li>\n<\/ul>\n<h2 style=\"margin-top: 30px; font-size:30px;\">8. \u0645\u0644\u0641\u0627\u062a \u062a\u0639\u0631\u064a\u0641 \u0627\u0644\u0627\u0631\u062a\u0628\u0627\u0637<\/h2>\n\u0646\u062d\u0646 \u0646\u0633\u062a\u062e\u062f\u0645 \u0645\u0644\u0641\u0627\u062a \u062a\u0639\u0631\u064a\u0641 \u0627\u0644\u0627\u0631\u062a\u0628\u0627\u0637 \u0644\u062a\u062d\u0633\u064a\u0646 \u062a\u062c\u0631\u0628\u0629 \u0627\u0644\u062a\u0635\u0641\u062d \u0648\u062a\u062e\u0635\u064a\u0635 \u0627\u0644\u0645\u062d\u062a\u0648\u0649 \u0648\u062a\u062d\u0644\u064a\u0644 \u062d\u0631\u0643\u0629 \u0627\u0644\u0645\u0631\u0648\u0631 \u0639\u0644\u0649 \u0627\u0644\u0645\u0648\u0642\u0639. \u0645\u0646 \u062e\u0644\u0627\u0644 \u0627\u0644\u0627\u0633\u062a\u0645\u0631\u0627\u0631 \u0641\u064a \u0627\u0633\u062a\u062e\u062f\u0627\u0645 \u0645\u0648\u0642\u0639\u0646\u0627 \u0627\u0644\u0625\u0644\u0643\u062a\u0631\u0648\u0646\u064a\u060c \u0641\u0625\u0646\u0643 \u062a\u0648\u0627\u0641\u0642 \u0639\u0644\u0649 \u0627\u0633\u062a\u062e\u062f\u0627\u0645 \u0645\u0644\u0641\u0627\u062a \u062a\u0639\u0631\u064a\u0641 \u0627\u0644\u0627\u0631\u062a\u0628\u0627\u0637.\n\n\u064a\u0645\u0643\u0646\u0643 \u062a\u0647\u064a\u0626\u0629 \u0645\u062a\u0635\u0641\u062d\u0643 \u0644\u062d\u0638\u0631 \u0645\u0644\u0641\u0627\u062a \u062a\u0639\u0631\u064a\u0641 \u0627\u0644\u0627\u0631\u062a\u0628\u0627\u0637 \u0623\u0648 \u062d\u0630\u0641\u0647\u0627. \u0648\u0645\u0639 \u0630\u0644\u0643\u060c \u0642\u062f \u0644\u0627 \u062a\u0639\u0645\u0644 \u0628\u0639\u0636 \u0645\u064a\u0632\u0627\u062a \u0627\u0644\u0645\u0646\u0635\u0629 \u0628\u0634\u0643\u0644 \u0635\u062d\u064a\u062d \u0628\u062f\u0648\u0646\u0647\u0627.\n<h3 style=\"margin-top: 20px; font-size:20px;\">\u0623\u0646\u0648\u0627\u0639 \u0645\u0644\u0641\u0627\u062a \u062a\u0639\u0631\u064a\u0641 \u0627\u0644\u0627\u0631\u062a\u0628\u0627\u0637 \u0627\u0644\u0645\u0633\u062a\u062e\u062f\u0645\u0629:<\/h3>\n<ul>\n \t<li><strong>\u0645\u0644\u0641\u0627\u062a \u062a\u0639\u0631\u064a\u0641 \u0627\u0644\u0627\u0631\u062a\u0628\u0627\u0637 \u0627\u0644\u0623\u0633\u0627\u0633\u064a\u0629:<\/strong> \u0627\u0644\u0644\u0627\u0632\u0645\u0629 \u0644\u0644\u062a\u0634\u063a\u064a\u0644 \u0627\u0644\u0623\u0633\u0627\u0633\u064a \u0644\u0644\u0645\u0648\u0642\u0639.<\/li>\n \t<li><strong>\u0645\u0644\u0641\u0627\u062a \u062a\u0639\u0631\u064a\u0641 \u0627\u0644\u0627\u0631\u062a\u0628\u0627\u0637 \u0627\u0644\u062a\u062d\u0644\u064a\u0644\u064a\u0629:<\/strong> \u062a\u064f\u0633\u062a\u062e\u062f\u0645 \u0644\u062c\u0645\u0639 \u0627\u0644\u0628\u064a\u0627\u0646\u0627\u062a \u0627\u0644\u0625\u062d\u0635\u0627\u0626\u064a\u0629 \u0639\u0646 \u0627\u0633\u062a\u062e\u062f\u0627\u0645 \u0627\u0644\u0645\u0646\u0635\u0629.<\/li>\n \t<li><strong>\u0645\u0644\u0641\u0627\u062a \u062a\u0639\u0631\u064a\u0641 \u0627\u0644\u0627\u0631\u062a\u0628\u0627\u0637 \u0627\u0644\u0648\u0638\u064a\u0641\u064a\u0629:<\/strong> \u062d\u0641\u0638 \u062a\u0641\u0636\u064a\u0644\u0627\u062a \u0627\u0644\u0645\u0633\u062a\u062e\u062f\u0645 \u0644\u0644\u062d\u0635\u0648\u0644 \u0639\u0644\u0649 \u062a\u062c\u0631\u0628\u0629 \u0623\u0641\u0636\u0644.<\/li>\n<\/ul>\n<h3 style=\"margin-top: 20px; font-size:20px;\">\u0643\u064a\u0641 \u064a\u0645\u0643\u0646\u0646\u064a \u0625\u062f\u0627\u0631\u0629 \u0645\u0644\u0641\u0627\u062a \u062a\u0639\u0631\u064a\u0641 \u0627\u0644\u0627\u0631\u062a\u0628\u0627\u0637\u061f<\/h3>\n\u064a\u0645\u0643\u0646\u0643 \u0625\u0644\u063a\u0627\u0621 \u062a\u0646\u0634\u064a\u0637 \u0645\u0644\u0641\u0627\u062a \u062a\u0639\u0631\u064a\u0641 \u0627\u0644\u0627\u0631\u062a\u0628\u0627\u0637 \u0641\u064a \u0623\u064a \u0648\u0642\u062a \u0641\u064a \u0625\u0639\u062f\u0627\u062f\u0627\u062a \u0627\u0644\u0645\u062a\u0635\u0641\u062d \u0627\u0644\u062e\u0627\u0635 \u0628\u0643:\n<ul>\n \t<li><a style=\"color: #2d4f9d;\" href=\"https:\/\/support.google.com\/chrome\/answer\/95647\" target=\"_blank\" rel=\"noopener\">\u062c\u0648\u062c\u0644 \u0643\u0631\u0648\u0645<\/a><\/li>\n \t<li><a style=\"color: #2d4f9d;\" href=\"https:\/\/support.mozilla.org\/pt-PT\/kb\/ativar-desativar-cookies\" target=\"_blank\" rel=\"noopener\">\u0645\u0648\u0632\u064a\u0644\u0627 \u0641\u0627\u064a\u0631\u0641\u0648\u0643\u0633<\/a><\/li>\n \t<li><a style=\"color: #2d4f9d;\" href=\"https:\/\/support.apple.com\/pt-pt\/guide\/safari\/sfri11471\/mac\" target=\"_blank\" rel=\"noopener\">\u0633\u0641\u0627\u0631\u064a<\/a><\/li>\n \t<li><a style=\"color: #2d4f9d;\" href=\"https:\/\/support.microsoft.com\/pt-pt\/help\/17442\/windows-internet-explorer-delete-manage-cookies\" target=\"_blank\" rel=\"noopener\">\u0625\u0646\u062a\u0631\u0646\u062a \u0625\u0643\u0633\u0628\u0644\u0648\u0631\u0631<\/a><\/li>\n<\/ul>\n<h2 style=\"margin-top: 30px; font-size:30px;\">9. \u0627\u0644\u062a\u063a\u064a\u064a\u0631\u0627\u062a \u0639\u0644\u0649 \u0633\u064a\u0627\u0633\u0629 \u0627\u0644\u062e\u0635\u0648\u0635\u064a\u0629<\/h2>\nA <strong>\u0646\u064a\u0643\u0632\u0633\u0643\u062a<\/strong> \u0627\u0644\u062d\u0642 \u0641\u064a \u062a\u062d\u062f\u064a\u062b \u0647\u0630\u0647 \u0627\u0644\u0633\u064a\u0627\u0633\u0629. \u0633\u064a\u062a\u0645 \u0646\u0634\u0631 \u0623\u064a \u062a\u063a\u064a\u064a\u0631\u0627\u062a \u0645\u0639 \u062a\u0627\u0631\u064a\u062e \u0645\u0631\u0627\u062c\u0639\u0629 \u0645\u062d\u062f\u062b.\n<h2 style=\"margin-top: 30px; font-size:30px;\">10. \u0627\u0644\u0627\u062a\u0635\u0627\u0644<\/h2>\n\ud83d\udce7 \u0627\u0644\u0628\u0631\u064a\u062f \u0627\u0644\u0625\u0644\u0643\u062a\u0631\u0648\u0646\u064a <a style=\"color: #2d4f9d;\" href=\"mailto:apoio@nexusket.com\">apoio@nexusket.com<\/a>\n\n<\/div>\t\t\t\t\t\t\t\t<\/div>\n\t\t\t\t<\/div>\n\t\t\t\t\t<\/div>\n\t\t<\/div>\n\t\t\t\t\t<\/div>\n\t\t<\/section>\n\t\t\t\t<\/div>","protected":false},"excerpt":{"rendered":"<p>Pol\u00edtica de Privacidade \u00daltima atualiza\u00e7\u00e3o: 28 de maio 2025 A presente Pol\u00edtica de Privacidade tem como objetivo informar os utilizadores da plataforma Nexusket sobre os termos em que \u00e9 efetuado o tratamento dos seus dados pessoais, em conformidade com o Regulamento (UE) 2016\/679 (RGPD) e legisla\u00e7\u00e3o aplic\u00e1vel. 1. Entidade Respons\u00e1vel pelo Tratamento A Nexusket \u00e9 [&hellip;]<\/p>","protected":false},"author":1,"featured_media":0,"parent":0,"menu_order":0,"comment_status":"closed","ping_status":"closed","template":"","meta":{"footnotes":""},"class_list":["post-3","page","type-page","status-publish","hentry"],"yoast_head":"<!-- This site is optimized with the Yoast SEO plugin v26.8 - https:\/\/yoast.com\/product\/yoast-seo-wordpress\/ -->\n<title>Pol\u00edtica de Privacidade - NEXUSKET<\/title>\n<meta name=\"robots\" content=\"index, follow, max-snippet:-1, max-image-preview:large, max-video-preview:-1\" \/>\n<link rel=\"canonical\" href=\"https:\/\/nexusket.com\/ar\/politica-privacidade\/\" \/>\n<meta property=\"og:locale\" content=\"ar_AR\" \/>\n<meta property=\"og:type\" content=\"article\" \/>\n<meta property=\"og:title\" content=\"Pol\u00edtica de Privacidade - NEXUSKET\" \/>\n<meta property=\"og:description\" content=\"Pol\u00edtica de Privacidade \u00daltima atualiza\u00e7\u00e3o: 28 de maio 2025 A presente Pol\u00edtica de Privacidade tem como objetivo informar os utilizadores da plataforma Nexusket sobre os termos em que \u00e9 efetuado o tratamento dos seus dados pessoais, em conformidade com o Regulamento (UE) 2016\/679 (RGPD) e legisla\u00e7\u00e3o aplic\u00e1vel. 1. Entidade Respons\u00e1vel pelo Tratamento A Nexusket \u00e9 [&hellip;]\" \/>\n<meta property=\"og:url\" content=\"https:\/\/nexusket.com\/ar\/politica-privacidade\/\" \/>\n<meta property=\"og:site_name\" content=\"NEXUSKET\" \/>\n<meta property=\"article:publisher\" content=\"https:\/\/www.facebook.com\/Nexusket\" \/>\n<meta property=\"article:modified_time\" content=\"2025-09-30T16:33:49+00:00\" \/>\n<meta name=\"twitter:card\" content=\"summary_large_image\" \/>\n<meta name=\"twitter:label1\" content=\"\u0648\u0642\u062a \u0627\u0644\u0642\u0631\u0627\u0621\u0629 \u0627\u0644\u0645\u064f\u0642\u062f\u0651\u0631\" \/>\n\t<meta name=\"twitter:data1\" content=\"\u062f\u0642\u064a\u0642\u062a\u0627\u0646\" \/>\n<script type=\"application\/ld+json\" class=\"yoast-schema-graph\">{\"@context\":\"https:\/\/schema.org\",\"@graph\":[{\"@type\":\"WebPage\",\"@id\":\"https:\/\/nexusket.com\/politica-privacidade\/\",\"url\":\"https:\/\/nexusket.com\/politica-privacidade\/\",\"name\":\"Pol\u00edtica de Privacidade - NEXUSKET\",\"isPartOf\":{\"@id\":\"https:\/\/nexusket.com\/en\/#website\"},\"datePublished\":\"2025-05-23T22:56:59+00:00\",\"dateModified\":\"2025-09-30T16:33:49+00:00\",\"breadcrumb\":{\"@id\":\"https:\/\/nexusket.com\/politica-privacidade\/#breadcrumb\"},\"inLanguage\":\"ar\",\"potentialAction\":[{\"@type\":\"ReadAction\",\"target\":[\"https:\/\/nexusket.com\/politica-privacidade\/\"]}]},{\"@type\":\"BreadcrumbList\",\"@id\":\"https:\/\/nexusket.com\/politica-privacidade\/#breadcrumb\",\"itemListElement\":[{\"@type\":\"ListItem\",\"position\":1,\"name\":\"In\u00edcio\",\"item\":\"https:\/\/nexusket.com\/\"},{\"@type\":\"ListItem\",\"position\":2,\"name\":\"Pol\u00edtica de Privacidade\"}]},{\"@type\":\"WebSite\",\"@id\":\"https:\/\/nexusket.com\/en\/#website\",\"url\":\"https:\/\/nexusket.com\/en\/\",\"name\":\"NEXUSKET\",\"description\":\"A Nexusket aproxima pessoas e profissionais, oferecendo solu\u00e7\u00f5es pr\u00e1ticas, seguras e acess\u00edveis.\",\"publisher\":{\"@id\":\"https:\/\/nexusket.com\/en\/#organization\"},\"potentialAction\":[{\"@type\":\"SearchAction\",\"target\":{\"@type\":\"EntryPoint\",\"urlTemplate\":\"https:\/\/nexusket.com\/en\/?s={search_term_string}\"},\"query-input\":{\"@type\":\"PropertyValueSpecification\",\"valueRequired\":true,\"valueName\":\"search_term_string\"}}],\"inLanguage\":\"ar\"},{\"@type\":\"Organization\",\"@id\":\"https:\/\/nexusket.com\/en\/#organization\",\"name\":\"NEXUSKET\",\"url\":\"https:\/\/nexusket.com\/en\/\",\"logo\":{\"@type\":\"ImageObject\",\"inLanguage\":\"ar\",\"@id\":\"https:\/\/nexusket.com\/en\/#\/schema\/logo\/image\/\",\"url\":\"https:\/\/nexusket.com\/wp-content\/uploads\/2025\/06\/logo_nexusket.png\",\"contentUrl\":\"https:\/\/nexusket.com\/wp-content\/uploads\/2025\/06\/logo_nexusket.png\",\"width\":336,\"height\":116,\"caption\":\"NEXUSKET\"},\"image\":{\"@id\":\"https:\/\/nexusket.com\/en\/#\/schema\/logo\/image\/\"},\"sameAs\":[\"https:\/\/www.facebook.com\/Nexusket\",\"https:\/\/www.instagram.com\/nexusket\/\",\"https:\/\/www.linkedin.com\/company\/nexusket\/\"]}]}<\/script>\n<!-- \/ Yoast SEO plugin. -->","yoast_head_json":{"title":"Pol\u00edtica de Privacidade - NEXUSKET","robots":{"index":"index","follow":"follow","max-snippet":"max-snippet:-1","max-image-preview":"max-image-preview:large","max-video-preview":"max-video-preview:-1"},"canonical":"https:\/\/nexusket.com\/ar\/politica-privacidade\/","og_locale":"ar_AR","og_type":"article","og_title":"Pol\u00edtica de Privacidade - NEXUSKET","og_description":"Pol\u00edtica de Privacidade \u00daltima atualiza\u00e7\u00e3o: 28 de maio 2025 A presente Pol\u00edtica de Privacidade tem como objetivo informar os utilizadores da plataforma Nexusket sobre os termos em que \u00e9 efetuado o tratamento dos seus dados pessoais, em conformidade com o Regulamento (UE) 2016\/679 (RGPD) e legisla\u00e7\u00e3o aplic\u00e1vel. 1. Entidade Respons\u00e1vel pelo Tratamento A Nexusket \u00e9 [&hellip;]","og_url":"https:\/\/nexusket.com\/ar\/politica-privacidade\/","og_site_name":"NEXUSKET","article_publisher":"https:\/\/www.facebook.com\/Nexusket","article_modified_time":"2025-09-30T16:33:49+00:00","twitter_card":"summary_large_image","twitter_misc":{"\u0648\u0642\u062a \u0627\u0644\u0642\u0631\u0627\u0621\u0629 \u0627\u0644\u0645\u064f\u0642\u062f\u0651\u0631":"\u062f\u0642\u064a\u0642\u062a\u0627\u0646"},"schema":{"@context":"https:\/\/schema.org","@graph":[{"@type":"WebPage","@id":"https:\/\/nexusket.com\/politica-privacidade\/","url":"https:\/\/nexusket.com\/politica-privacidade\/","name":"Pol\u00edtica de Privacidade - NEXUSKET","isPartOf":{"@id":"https:\/\/nexusket.com\/en\/#website"},"datePublished":"2025-05-23T22:56:59+00:00","dateModified":"2025-09-30T16:33:49+00:00","breadcrumb":{"@id":"https:\/\/nexusket.com\/politica-privacidade\/#breadcrumb"},"inLanguage":"ar","potentialAction":[{"@type":"ReadAction","target":["https:\/\/nexusket.com\/politica-privacidade\/"]}]},{"@type":"BreadcrumbList","@id":"https:\/\/nexusket.com\/politica-privacidade\/#breadcrumb","itemListElement":[{"@type":"ListItem","position":1,"name":"In\u00edcio","item":"https:\/\/nexusket.com\/"},{"@type":"ListItem","position":2,"name":"Pol\u00edtica de Privacidade"}]},{"@type":"WebSite","@id":"https:\/\/nexusket.com\/en\/#website","url":"https:\/\/nexusket.com\/en\/","name":"\u0646\u064a\u0643\u0633\u0648\u0633\u0643\u062a","description":"\u062a\u0639\u0645\u0644 Nexusket \u0639\u0644\u0649 \u0627\u0644\u062a\u0642\u0631\u064a\u0628 \u0628\u064a\u0646 \u0627\u0644\u0646\u0627\u0633 \u0648\u0627\u0644\u0645\u0647\u0646\u064a\u064a\u0646 \u0645\u0646 \u062e\u0644\u0627\u0644 \u062a\u0642\u062f\u064a\u0645 \u062d\u0644\u0648\u0644 \u0639\u0645\u0644\u064a\u0629 \u0648\u0622\u0645\u0646\u0629 \u0648\u0628\u0623\u0633\u0639\u0627\u0631 \u0645\u0639\u0642\u0648\u0644\u0629.","publisher":{"@id":"https:\/\/nexusket.com\/en\/#organization"},"potentialAction":[{"@type":"SearchAction","target":{"@type":"EntryPoint","urlTemplate":"https:\/\/nexusket.com\/en\/?s={search_term_string}"},"query-input":{"@type":"PropertyValueSpecification","valueRequired":true,"valueName":"search_term_string"}}],"inLanguage":"ar"},{"@type":"Organization","@id":"https:\/\/nexusket.com\/en\/#organization","name":"\u0646\u064a\u0643\u0633\u0648\u0633\u0643\u062a","url":"https:\/\/nexusket.com\/en\/","logo":{"@type":"ImageObject","inLanguage":"ar","@id":"https:\/\/nexusket.com\/en\/#\/schema\/logo\/image\/","url":"https:\/\/nexusket.com\/wp-content\/uploads\/2025\/06\/logo_nexusket.png","contentUrl":"https:\/\/nexusket.com\/wp-content\/uploads\/2025\/06\/logo_nexusket.png","width":336,"height":116,"caption":"NEXUSKET"},"image":{"@id":"https:\/\/nexusket.com\/en\/#\/schema\/logo\/image\/"},"sameAs":["https:\/\/www.facebook.com\/Nexusket","https:\/\/www.instagram.com\/nexusket\/","https:\/\/www.linkedin.com\/company\/nexusket\/"]}]}},"_links":{"self":[{"href":"https:\/\/nexusket.com\/ar\/wp-json\/wp\/v2\/pages\/3","targetHints":{"allow":["GET"]}}],"collection":[{"href":"https:\/\/nexusket.com\/ar\/wp-json\/wp\/v2\/pages"}],"about":[{"href":"https:\/\/nexusket.com\/ar\/wp-json\/wp\/v2\/types\/page"}],"author":[{"embeddable":true,"href":"https:\/\/nexusket.com\/ar\/wp-json\/wp\/v2\/users\/1"}],"replies":[{"embeddable":true,"href":"https:\/\/nexusket.com\/ar\/wp-json\/wp\/v2\/comments?post=3"}],"version-history":[{"count":0,"href":"https:\/\/nexusket.com\/ar\/wp-json\/wp\/v2\/pages\/3\/revisions"}],"wp:attachment":[{"href":"https:\/\/nexusket.com\/ar\/wp-json\/wp\/v2\/media?parent=3"}],"curies":[{"name":"wp","href":"https:\/\/api.w.org\/{rel}","templated":true}]}}